{"id":1298,"date":"2021-02-14T00:12:33","date_gmt":"2021-02-14T03:12:33","guid":{"rendered":"http:\/\/www.networktips.com.br\/?page_id=1298"},"modified":"2021-02-14T15:20:09","modified_gmt":"2021-02-14T18:20:09","slug":"servicos","status":"publish","type":"page","link":"http:\/\/www.networktips.com.br\/?page_id=1298","title":{"rendered":"SERVI\u00c7OS"},"content":{"rendered":"<div style=\"padding-bottom:20px; padding-top:10px;\" class=\"hupso-share-buttons\"><!-- Hupso Share Buttons - https:\/\/www.hupso.com\/share\/ --><a class=\"hupso_toolbar\" href=\"https:\/\/www.hupso.com\/share\/\"><img src=\"http:\/\/static.hupso.com\/share\/buttons\/dot.png\" style=\"border:0px; padding-top: 5px; float:left;\" alt=\"Share Button\"\/><\/a><script type=\"text\/javascript\">var hupso_services_t=new Array(\"Twitter\",\"Facebook\",\"Google Plus\",\"Linkedin\",\"Email\");var hupso_background_t=\"#EAF4FF\";var hupso_border_t=\"#66CCFF\";var hupso_toolbar_size_t=\"medium\";var hupso_image_folder_url = \"\";var hupso_twitter_via=\"jorgeltaioque\";var hupso_url_t=\"\";var hupso_title_t=\"SERVI%C3%87OS\";<\/script><script type=\"text\/javascript\" src=\"http:\/\/static.hupso.com\/share\/js\/share_toolbar.js\"><\/script><!-- Hupso Share Buttons --><\/div>\n<p>Realizamos servi\u00e7o de configura\u00e7\u00f5es de equipamentos JUNIPER, CISCO, HUAWEI, MIKROTIK e A10 NETWORKS entre outros.<\/p>\n\n\n\n<figure class=\"wp-block-image\"><img loading=\"lazy\" width=\"657\" height=\"193\" src=\"http:\/\/www.networktips.com.br\/wp-content\/uploads\/1.jpeg\" alt=\"\" class=\"wp-image-1323\" srcset=\"http:\/\/www.networktips.com.br\/wp-content\/uploads\/1.jpeg 657w, http:\/\/www.networktips.com.br\/wp-content\/uploads\/1-300x88.jpeg 300w, http:\/\/www.networktips.com.br\/wp-content\/uploads\/1-500x147.jpeg 500w\" sizes=\"(max-width: 657px) 100vw, 657px\" \/><\/figure>\n\n\n\n<figure class=\"wp-block-image\"><img loading=\"lazy\" width=\"657\" height=\"141\" src=\"http:\/\/www.networktips.com.br\/wp-content\/uploads\/2.jpeg\" alt=\"\" class=\"wp-image-1322\" srcset=\"http:\/\/www.networktips.com.br\/wp-content\/uploads\/2.jpeg 657w, http:\/\/www.networktips.com.br\/wp-content\/uploads\/2-300x64.jpeg 300w, http:\/\/www.networktips.com.br\/wp-content\/uploads\/2-500x107.jpeg 500w\" sizes=\"(max-width: 657px) 100vw, 657px\" \/><\/figure>\n\n\n\n<p><br><\/p>\n","protected":false},"excerpt":{"rendered":"<div style=\"padding-bottom:20px; padding-top:10px;\" class=\"hupso-share-buttons\"><!-- Hupso Share Buttons - https:\/\/www.hupso.com\/share\/ --><a class=\"hupso_toolbar\" href=\"https:\/\/www.hupso.com\/share\/\"><img src=\"http:\/\/static.hupso.com\/share\/buttons\/dot.png\" style=\"border:0px; padding-top: 5px; float:left;\" alt=\"Share Button\"\/><\/a><script type=\"text\/javascript\">var hupso_services_t=new Array(\"Twitter\",\"Facebook\",\"Google Plus\",\"Linkedin\",\"Email\");var hupso_background_t=\"#EAF4FF\";var hupso_border_t=\"#66CCFF\";var hupso_toolbar_size_t=\"medium\";var hupso_image_folder_url = \"\";var hupso_twitter_via=\"jorgeltaioque\";var hupso_url_t=\"\";var hupso_title_t=\"SERVI%C3%87OS\";<\/script><script type=\"text\/javascript\" src=\"http:\/\/static.hupso.com\/share\/js\/share_toolbar.js\"><\/script><!-- Hupso Share Buttons --><\/div><p>Realizamos servi\u00e7o de configura\u00e7\u00f5es de equipamentos JUNIPER, CISCO, HUAWEI, MIKROTIK e A10 NETWORKS entre outros.<\/p>\n","protected":false},"author":1,"featured_media":0,"parent":0,"menu_order":5,"comment_status":"closed","ping_status":"closed","template":"","meta":[],"_links":{"self":[{"href":"http:\/\/www.networktips.com.br\/index.php?rest_route=\/wp\/v2\/pages\/1298"}],"collection":[{"href":"http:\/\/www.networktips.com.br\/index.php?rest_route=\/wp\/v2\/pages"}],"about":[{"href":"http:\/\/www.networktips.com.br\/index.php?rest_route=\/wp\/v2\/types\/page"}],"author":[{"embeddable":true,"href":"http:\/\/www.networktips.com.br\/index.php?rest_route=\/wp\/v2\/users\/1"}],"replies":[{"embeddable":true,"href":"http:\/\/www.networktips.com.br\/index.php?rest_route=%2Fwp%2Fv2%2Fcomments&post=1298"}],"version-history":[{"count":12,"href":"http:\/\/www.networktips.com.br\/index.php?rest_route=\/wp\/v2\/pages\/1298\/revisions"}],"predecessor-version":[{"id":1324,"href":"http:\/\/www.networktips.com.br\/index.php?rest_route=\/wp\/v2\/pages\/1298\/revisions\/1324"}],"wp:attachment":[{"href":"http:\/\/www.networktips.com.br\/index.php?rest_route=%2Fwp%2Fv2%2Fmedia&parent=1298"}],"curies":[{"name":"wp","href":"https:\/\/api.w.org\/{rel}","templated":true}]}}